{"id":50946,"date":"2015-11-24T11:44:33","date_gmt":"2015-11-24T11:44:33","guid":{"rendered":"http:\/\/www.prilovrcu.si\/de\/?page_id=50946"},"modified":"2015-11-25T08:35:13","modified_gmt":"2015-11-25T08:35:13","slug":"galerie","status":"publish","type":"page","link":"http:\/\/www.prilovrcu.si\/de\/galerie\/","title":{"rendered":"Galerie"},"content":{"rendered":"<div id=\"galerija\"     class=\"vc_row wpb_row section vc_row-fluid grid_section\" style='background-image:url(http:\/\/www.prilovrcu.si\/wp-content\/uploads\/2015\/10\/\u010dadrg3.jpg); padding-top:120px; padding-bottom:120px; text-align:left;'><div class=\" section_inner clearfix\"><div class='section_inner_margin clearfix'>\n\t<div class=\"vc_col-sm-12 wpb_column vc_column_container \">\n\t\t<div class=\"wpb_wrapper\">\n\t\t\t\n\t<div class=\"wpb_text_column wpb_content_element \">\n\t\t<div class=\"wpb_wrapper\">\n\t\t\t<h2 style=\"text-align: center;\"><span style=\"color: #ffffff;\"><span id=\"result_box\" class=\"short_text\" lang=\"de\"><span class=\"hps\">GALERIE<\/span><\/span><\/span><\/h2>\n\n\t\t<\/div> \n\t<\/div> <div class=\"separator  transparent center  \" style=\"margin-top:10px\"><\/div>\n\n\t\t<\/div> \n\t<\/div> \n\n\t<div class=\"vc_col-sm-12 wpb_column vc_column_container \">\n\t\t<div class=\"wpb_wrapper\">\n\t\t\t<div class='projects_holder_outer v3 portfolio_with_space portfolio_with_hover_text '><div class='filter_outer filter_portfolio center_align'><div class='filter_holder '><ul><li class='filter' data-filter='all'><span>All<\/span><\/li><\/ul><\/div><\/div><div class='portfolio_main_holder projects_holder  clearfix v3 hover_text'>\n<article  class='mix '><div class=\"item_holder slow_zoom\"><div class=\"text_holder\"><div class=\"text_holder_outer\"><div class=\"text_holder_inner\"><h4 class=\"portfolio_title\" ><a href=\"http:\/\/www.prilovrcu.si\/de\/galerija\/cia-besuch\/\" >CIA-Besuch<\/a><\/h4><span class=\"project_category\" ><\/span><\/div><\/div><\/div><a class=\"portfolio_link_class\" href=\"http:\/\/www.prilovrcu.si\/de\/galerija\/cia-besuch\/\" target=\"_self\"><\/a><div class=\"portfolio_shader\" style=\"background-color:rgba(32,38,29,0.82);\"><\/div><div class=\"image_holder\"><span class=\"image\"><img loading=\"lazy\" decoding=\"async\" width=\"799\" height=\"533\" src=\"http:\/\/www.prilovrcu.si\/wp-content\/uploads\/2014\/03\/100_0002.jpg\" class=\"attachment-full size-full wp-post-image\" alt=\"\" srcset=\"http:\/\/www.prilovrcu.si\/wp-content\/uploads\/2014\/03\/100_0002.jpg 799w, http:\/\/www.prilovrcu.si\/wp-content\/uploads\/2014\/03\/100_0002-300x200.jpg 300w, http:\/\/www.prilovrcu.si\/wp-content\/uploads\/2014\/03\/100_0002-700x467.jpg 700w\" sizes=\"auto, (max-width: 799px) 100vw, 799px\" \/><\/span><\/div><\/div><\/article>\n<article  class='mix '><div class=\"item_holder slow_zoom\"><div class=\"text_holder\"><div class=\"text_holder_outer\"><div class=\"text_holder_inner\"><h4 class=\"portfolio_title\" ><a href=\"http:\/\/www.prilovrcu.si\/de\/galerija\/besuch-der-schwedischen-koenigin\/\" >Besuch der schwedischen K\u00f6nigin<\/a><\/h4><span class=\"project_category\" ><\/span><\/div><\/div><\/div><a class=\"portfolio_link_class\" href=\"http:\/\/www.prilovrcu.si\/de\/galerija\/besuch-der-schwedischen-koenigin\/\" target=\"_self\"><\/a><div class=\"portfolio_shader\" style=\"background-color:rgba(32,38,29,0.82);\"><\/div><div class=\"image_holder\"><span class=\"image\"><img loading=\"lazy\" decoding=\"async\" width=\"800\" height=\"531\" src=\"http:\/\/www.prilovrcu.si\/wp-content\/uploads\/2014\/04\/svedska-kraljica.jpg\" class=\"attachment-full size-full wp-post-image\" alt=\"\" srcset=\"http:\/\/www.prilovrcu.si\/wp-content\/uploads\/2014\/04\/svedska-kraljica.jpg 800w, http:\/\/www.prilovrcu.si\/wp-content\/uploads\/2014\/04\/svedska-kraljica-300x199.jpg 300w, http:\/\/www.prilovrcu.si\/wp-content\/uploads\/2014\/04\/svedska-kraljica-700x465.jpg 700w\" sizes=\"auto, (max-width: 800px) 100vw, 800px\" \/><\/span><\/div><\/div><\/article>\n<article  class='mix '><div class=\"item_holder slow_zoom\"><div class=\"text_holder\"><div class=\"text_holder_outer\"><div class=\"text_holder_inner\"><h4 class=\"portfolio_title\" ><a href=\"http:\/\/www.prilovrcu.si\/de\/galerija\/gaestehaus\/\" >G\u00e4stehaus<\/a><\/h4><span class=\"project_category\" ><\/span><\/div><\/div><\/div><a class=\"portfolio_link_class\" href=\"http:\/\/www.prilovrcu.si\/de\/galerija\/gaestehaus\/\" target=\"_self\"><\/a><div class=\"portfolio_shader\" style=\"background-color:rgba(32,38,29,0.82);\"><\/div><div class=\"image_holder\"><span class=\"image\"><img loading=\"lazy\" decoding=\"async\" width=\"799\" height=\"533\" src=\"http:\/\/www.prilovrcu.si\/wp-content\/uploads\/2014\/12\/05.jpg\" class=\"attachment-full size-full wp-post-image\" alt=\"Pri Lovr\u010du\" srcset=\"http:\/\/www.prilovrcu.si\/wp-content\/uploads\/2014\/12\/05.jpg 799w, http:\/\/www.prilovrcu.si\/wp-content\/uploads\/2014\/12\/05-300x200.jpg 300w, http:\/\/www.prilovrcu.si\/wp-content\/uploads\/2014\/12\/05-700x467.jpg 700w\" sizes=\"auto, (max-width: 799px) 100vw, 799px\" \/><\/span><\/div><\/div><\/article>\n<article  class='mix '><div class=\"item_holder slow_zoom\"><div class=\"text_holder\"><div class=\"text_holder_outer\"><div class=\"text_holder_inner\"><h4 class=\"portfolio_title\" ><a href=\"http:\/\/www.prilovrcu.si\/de\/galerija\/arbeit-auf-dem-bauernhof\/\" >Arbeit auf dem Bauernhof<\/a><\/h4><span class=\"project_category\" ><\/span><\/div><\/div><\/div><a class=\"portfolio_link_class\" href=\"http:\/\/www.prilovrcu.si\/de\/galerija\/arbeit-auf-dem-bauernhof\/\" target=\"_self\"><\/a><div class=\"portfolio_shader\" style=\"background-color:rgba(32,38,29,0.82);\"><\/div><div class=\"image_holder\"><span class=\"image\"><img loading=\"lazy\" decoding=\"async\" width=\"799\" height=\"533\" src=\"http:\/\/www.prilovrcu.si\/wp-content\/uploads\/2014\/12\/18.jpg\" class=\"attachment-full size-full wp-post-image\" alt=\"krava\" srcset=\"http:\/\/www.prilovrcu.si\/wp-content\/uploads\/2014\/12\/18.jpg 799w, http:\/\/www.prilovrcu.si\/wp-content\/uploads\/2014\/12\/18-300x200.jpg 300w, http:\/\/www.prilovrcu.si\/wp-content\/uploads\/2014\/12\/18-700x467.jpg 700w\" sizes=\"auto, (max-width: 799px) 100vw, 799px\" \/><\/span><\/div><\/div><\/article>\n<article  class='mix '><div class=\"item_holder slow_zoom\"><div class=\"text_holder\"><div class=\"text_holder_outer\"><div class=\"text_holder_inner\"><h4 class=\"portfolio_title\" ><a href=\"http:\/\/www.prilovrcu.si\/de\/galerija\/kaseherstellung\/\" >K\u00e4seherstellung<\/a><\/h4><span class=\"project_category\" ><\/span><\/div><\/div><\/div><a class=\"portfolio_link_class\" href=\"http:\/\/www.prilovrcu.si\/de\/galerija\/kaseherstellung\/\" target=\"_self\"><\/a><div class=\"portfolio_shader\" style=\"background-color:rgba(32,38,29,0.82);\"><\/div><div class=\"image_holder\"><span class=\"image\"><img loading=\"lazy\" decoding=\"async\" width=\"799\" height=\"533\" src=\"http:\/\/www.prilovrcu.si\/wp-content\/uploads\/2015\/12\/01.jpg\" class=\"attachment-full size-full wp-post-image\" alt=\"sir tolminc\" srcset=\"http:\/\/www.prilovrcu.si\/wp-content\/uploads\/2015\/12\/01.jpg 799w, http:\/\/www.prilovrcu.si\/wp-content\/uploads\/2015\/12\/01-300x200.jpg 300w, http:\/\/www.prilovrcu.si\/wp-content\/uploads\/2015\/12\/01-768x512.jpg 768w, http:\/\/www.prilovrcu.si\/wp-content\/uploads\/2015\/12\/01-700x467.jpg 700w\" sizes=\"auto, (max-width: 799px) 100vw, 799px\" \/><\/span><\/div><\/div><\/article>\n<article  class='mix '><div class=\"item_holder slow_zoom\"><div class=\"text_holder\"><div class=\"text_holder_outer\"><div class=\"text_holder_inner\"><h4 class=\"portfolio_title\" ><a href=\"http:\/\/www.prilovrcu.si\/de\/galerija\/cadrg-und-der-region\/\" >\u010cadrg  und der Region<\/a><\/h4><span class=\"project_category\" ><\/span><\/div><\/div><\/div><a class=\"portfolio_link_class\" href=\"http:\/\/www.prilovrcu.si\/de\/galerija\/cadrg-und-der-region\/\" target=\"_self\"><\/a><div class=\"portfolio_shader\" style=\"background-color:rgba(32,38,29,0.82);\"><\/div><div class=\"image_holder\"><span class=\"image\"><img loading=\"lazy\" decoding=\"async\" width=\"799\" height=\"533\" src=\"http:\/\/www.prilovrcu.si\/wp-content\/uploads\/2015\/10\/\u010dadrg2.jpg\" class=\"attachment-full size-full wp-post-image\" alt=\"\" srcset=\"http:\/\/www.prilovrcu.si\/wp-content\/uploads\/2015\/10\/\u010dadrg2.jpg 799w, http:\/\/www.prilovrcu.si\/wp-content\/uploads\/2015\/10\/\u010dadrg2-300x200.jpg 300w, http:\/\/www.prilovrcu.si\/wp-content\/uploads\/2015\/10\/\u010dadrg2-700x467.jpg 700w\" sizes=\"auto, (max-width: 799px) 100vw, 799px\" \/><\/span><\/div><\/div><\/article>\n<div class='filler'><\/div>\n<div class='filler'><\/div>\n<div class='filler'><\/div>\n<\/div><\/div>\n\t\t<\/div> \n\t<\/div> \n<\/div><\/div><\/div>\n","protected":false},"excerpt":{"rendered":"Im Triglav Nationalpark, 700m \u00fcber dem Meeresspiegel, umgeben von den Tolminer Bergen, liegt das D\u00f6rfchen \u010cadrg. Standhaft leben heute hier noch immer 26 von uns Dorfbewohnern. So wie unsere Vorfhahren bearbeiten wir mit viel Liebe dieses St\u00fcckchen Erde unter den Bergen.","protected":false},"author":1,"featured_media":0,"parent":0,"menu_order":0,"comment_status":"open","ping_status":"closed","template":"full_width.php","meta":{"footnotes":""},"class_list":["post-50946","page","type-page","status-publish","hentry"],"_links":{"self":[{"href":"http:\/\/www.prilovrcu.si\/de\/wp-json\/wp\/v2\/pages\/50946","targetHints":{"allow":["GET"]}}],"collection":[{"href":"http:\/\/www.prilovrcu.si\/de\/wp-json\/wp\/v2\/pages"}],"about":[{"href":"http:\/\/www.prilovrcu.si\/de\/wp-json\/wp\/v2\/types\/page"}],"author":[{"embeddable":true,"href":"http:\/\/www.prilovrcu.si\/de\/wp-json\/wp\/v2\/users\/1"}],"replies":[{"embeddable":true,"href":"http:\/\/www.prilovrcu.si\/de\/wp-json\/wp\/v2\/comments?post=50946"}],"version-history":[{"count":2,"href":"http:\/\/www.prilovrcu.si\/de\/wp-json\/wp\/v2\/pages\/50946\/revisions"}],"predecessor-version":[{"id":51010,"href":"http:\/\/www.prilovrcu.si\/de\/wp-json\/wp\/v2\/pages\/50946\/revisions\/51010"}],"wp:attachment":[{"href":"http:\/\/www.prilovrcu.si\/de\/wp-json\/wp\/v2\/media?parent=50946"}],"curies":[{"name":"wp","href":"https:\/\/api.w.org\/{rel}","templated":true}]}}