{"id":50948,"date":"2015-11-24T12:41:26","date_gmt":"2015-11-24T12:41:26","guid":{"rendered":"http:\/\/www.prilovrcu.si\/de\/?page_id=50948"},"modified":"2015-12-09T16:03:51","modified_gmt":"2015-12-09T16:03:51","slug":"ueber-uns","status":"publish","type":"page","link":"http:\/\/www.prilovrcu.si\/de\/ueber-uns\/","title":{"rendered":"\u00dcber uns"},"content":{"rendered":"<div      class=\"vc_row wpb_row section vc_row-fluid grid_section\" style=' text-align:left;'><div class=\" section_inner clearfix\"><div class='section_inner_margin clearfix'>\n\t<div class=\"vc_col-sm-12 wpb_column vc_column_container \">\n\t\t<div class=\"wpb_wrapper\">\n\t\t\t\n\t<div class=\"wpb_text_column wpb_content_element \">\n\t\t<div class=\"wpb_wrapper\">\n\t\t\t<h2 style=\"text-align: center;\"><span id=\"result_box\" class=\"short_text\" lang=\"de\"><span class=\"hps\">\u00dcBER UNS<\/span><\/span><\/h2>\n\n\t\t<\/div> \n\t<\/div> <div class=\"separator  transparent center  \" style=\"margin-top:35px\"><\/div>\n<div      class=\"vc_row wpb_row section vc_row-fluid\" style=' text-align:left;'><div class=\" full_section_inner clearfix\">\n\t<div class=\"vc_col-sm-6 wpb_column vc_column_container \">\n\t\t<div class=\"wpb_wrapper\">\n\t\t\t\n\t<div class=\"wpb_single_image wpb_content_element vc_align_left\">\n\t\t<div>\n\t\t<div class=\"wpb_wrapper\">\n\t\t\t\n\t\t\t<img loading=\"lazy\" decoding=\"async\" width=\"800\" height=\"531\" src=\"http:\/\/www.prilovrcu.si\/wp-content\/uploads\/2014\/12\/081.jpg\" class=\" vc_box_border_grey attachment-large\" alt=\"\" srcset=\"http:\/\/www.prilovrcu.si\/wp-content\/uploads\/2014\/12\/081.jpg 800w, http:\/\/www.prilovrcu.si\/wp-content\/uploads\/2014\/12\/081-300x199.jpg 300w, http:\/\/www.prilovrcu.si\/wp-content\/uploads\/2014\/12\/081-700x465.jpg 700w\" sizes=\"auto, (max-width: 800px) 100vw, 800px\" \/>\n\t\t<\/div> \n\t\t<\/div>\n\t<\/div> \n\t<div class=\"wpb_single_image wpb_content_element vc_custom_1447251446036 vc_align_left\">\n\t\t<div>\n\t\t<div class=\"wpb_wrapper\">\n\t\t\t\n\t\t\t<img loading=\"lazy\" decoding=\"async\" width=\"1024\" height=\"683\" src=\"http:\/\/www.prilovrcu.si\/wp-content\/uploads\/2015\/02\/ozadje-galerija-1024x683.jpg\" class=\" vc_box_border_grey attachment-large\" alt=\"\" srcset=\"http:\/\/www.prilovrcu.si\/wp-content\/uploads\/2015\/02\/ozadje-galerija-1024x683.jpg 1024w, http:\/\/www.prilovrcu.si\/wp-content\/uploads\/2015\/02\/ozadje-galerija-300x200.jpg 300w, http:\/\/www.prilovrcu.si\/wp-content\/uploads\/2015\/02\/ozadje-galerija-700x467.jpg 700w, http:\/\/www.prilovrcu.si\/wp-content\/uploads\/2015\/02\/ozadje-galerija.jpg 1920w\" sizes=\"auto, (max-width: 1024px) 100vw, 1024px\" \/>\n\t\t<\/div> \n\t\t<\/div>\n\t<\/div> \n\t\t<\/div> \n\t<\/div> \n\n\t<div class=\"vc_col-sm-6 wpb_column vc_column_container \">\n\t\t<div class=\"wpb_wrapper\">\n\t\t\t\n\t<div class=\"wpb_text_column wpb_content_element  vc_custom_1449173812704\">\n\t\t<div class=\"wpb_wrapper\">\n\t\t\t<p style=\"text-align: left;\">Im Triglav Nationalpark, 700m \u00fcber dem Meeresspiegel, umgeben von den Tolminer Bergen, liegt das D\u00f6rfchen \u010cadrg. So wie unsere Vorfhahren bearbeiten wir mit viel Liebe dieses St\u00fcckchen Erde unter den Bergen.<\/p>\n<p>&nbsp;<\/p>\n<p style=\"text-align: left;\">In \u010cadrg sind wir zu Hause &#8211; Familie Bon\u010dina. Auf einer Fl\u00e4che von neunundzwanzig Hektar Wiesen und Weiden besch\u00e4ftigen wir uns mit dem \u00d6koviehzucht. Auf dem Bauernhof z\u00fcchten wir Milchk\u00fche, Ziegen, Schweine, Enten und H\u00fchner. Gro\u00dfe Freude bereiten und und unseren Besuchern auch unsere Katzen und die H\u00fcndin Aika.<\/p>\n<p>&nbsp;<\/p>\n<p style=\"text-align: left;\">Mit der Umstellung auf \u00f6kologische Verarbeitung haben wir im Jahre 1999 begonnen und zwei Jahre sp\u00e4ter das Zertifikat \u201c\u00d6kologische Landwirtschaft\u201d erhalten. Alle unsere Produkte werden unter dem Warenzeichen \u201cBIODAR\u201d f\u00fcr biologisch erzeugte Nahrungsmittel, vermarktet.<\/p>\n<p style=\"text-align: left;\">Neben K\u00e4se, s\u00fcssem und salzigem Quark bieten wir unseren G\u00e4sten auch Birnenschnaps, Gem\u00fcse der Saison und Waln\u00fcsse an.<\/p>\n<p>&nbsp;<\/p>\n<p style=\"text-align: left;\">Bein uns k\u00f6nnen Sie sch\u00f6ne Ferien oder ein entspannendes Wochenende nach einer anstrengenden Arbeitswoche verbringen. Auf dem Hof gibt es zwei Ferienwohnungen und wir sind als touristischer Ferienbauernhof zugelassen. Nach vorheriger Absprache k\u00f6nnen wir auch ein typisches Mittagessen, wie es in den Tominer Bergen zubereitet wird, anbieten. Im Sommer haben wir Platz f\u00fcr 60 G\u00e4ste, im Winter f\u00fcr 25.<\/p>\n\n\t\t<\/div> \n\t<\/div> \n\t\t<\/div> \n\t<\/div> \n<\/div><\/div>\n\t\t<\/div> \n\t<\/div> \n<\/div><\/div><\/div><div      class=\"vc_row wpb_row section vc_row-fluid grid_section\" style='background-color:#ffffff; padding-bottom:50px; text-align:center;'><div class=\" section_inner clearfix\"><div class='section_inner_margin clearfix'>\n\t<div class=\"vc_col-sm-12 wpb_column vc_column_container \">\n\t\t<div class=\"wpb_wrapper\">\n\t\t\t<div      class=\"vc_row wpb_row section vc_row-fluid\" style=' padding-top:65px; text-align:left;'><div class=\" full_section_inner clearfix\">\n\t<div class=\"vc_col-sm-6 wpb_column vc_column_container \">\n\t\t<div class=\"wpb_wrapper\">\n\t\t\t<div role=\"form\" class=\"wpcf7\" id=\"wpcf7-f51207-o1\" lang=\"sl-SI\" dir=\"ltr\">\n<div class=\"screen-reader-response\"><\/div>\n<form action=\"\/de\/wp-json\/wp\/v2\/pages\/50948#wpcf7-f51207-o1\" method=\"post\" class=\"wpcf7-form cf7_custom_style_1\" novalidate=\"novalidate\">\n<div style=\"display: none;\">\n<input type=\"hidden\" name=\"_wpcf7\" value=\"51207\" \/>\n<input type=\"hidden\" name=\"_wpcf7_version\" value=\"4.7\" \/>\n<input type=\"hidden\" name=\"_wpcf7_locale\" value=\"sl_SI\" \/>\n<input type=\"hidden\" name=\"_wpcf7_unit_tag\" value=\"wpcf7-f51207-o1\" \/>\n<input type=\"hidden\" name=\"_wpnonce\" value=\"2c3d2f3e01\" \/>\n<\/div>\n<p>Name <br\/><br \/>\n<span class=\"wpcf7-form-control-wrap ime\"><input type=\"text\" name=\"ime\" value=\"\" size=\"40\" class=\"wpcf7-form-control wpcf7-text wpcf7-validates-as-required\" aria-required=\"true\" aria-invalid=\"false\" placeholder=\"Name\" \/><\/span> <br\/><br \/>\nErw\u00e4hnung <br\/><br \/>\n<span class=\"wpcf7-form-control-wrap pohvala\"><textarea name=\"pohvala\" cols=\"40\" rows=\"10\" class=\"wpcf7-form-control wpcf7-textarea wpcf7-validates-as-required\" aria-required=\"true\" aria-invalid=\"false\"><\/textarea><\/span><br\/><br \/>\n<input type=\"submit\" value=\"Senden\" class=\"wpcf7-form-control wpcf7-submit\" \/> <br\/><br \/>\nKommunikation wird \u00f6ffentlich, wenn es vom Administrator.<\/p>\n<div class=\"wpcf7-response-output wpcf7-display-none\"><\/div><\/form><\/div>\n\t\t<\/div> \n\t<\/div> \n\n\t<div class=\"vc_col-sm-6 wpb_column vc_column_container \">\n\t\t<div class=\"wpb_wrapper\">\n\t\t\t\n\t<div class=\"wpb_text_column wpb_content_element \">\n\t\t<div class=\"wpb_wrapper\">\n\t\t\t<h3 style=\"text-align: center;\">POSITIV<\/h3>\n\n\t\t<\/div> \n\t<\/div> <div class=\"separator  transparent center  \" style=\"margin-top:15px;margin-bottom:15px\"><\/div>\n<div class='testimonials_holder clearfix'><div class=\"testimonials testimonials_carousel  with_arrows\" data-show-navigation=\"no\" data-show-navigation-arrows=\"yes\" data-animation-speed=\"\" data-auto-rotate-slides=\"0\"><ul class=\"slides\">Sorry, no posts matched your criteria.<\/ul><\/div><\/div>\n\t\t<\/div> \n\t<\/div> \n<\/div><\/div>\n\t\t<\/div> \n\t<\/div> \n<\/div><\/div><\/div>\n","protected":false},"excerpt":{"rendered":"\u00dcBER UNS Im Triglav Nationalpark, 700m \u00fcber dem Meeresspiegel, umgeben von den Tolminer Bergen, liegt das D\u00f6rfchen \u010cadrg. So wie unsere Vorfhahren bearbeiten wir mit viel Liebe dieses St\u00fcckchen Erde unter den Bergen. &nbsp; In \u010cadrg sind wir zu Hause - Familie Bon\u010dina. Auf einer...","protected":false},"author":1,"featured_media":0,"parent":0,"menu_order":0,"comment_status":"open","ping_status":"closed","template":"full_width.php","meta":{"footnotes":""},"class_list":["post-50948","page","type-page","status-publish","hentry"],"_links":{"self":[{"href":"http:\/\/www.prilovrcu.si\/de\/wp-json\/wp\/v2\/pages\/50948","targetHints":{"allow":["GET"]}}],"collection":[{"href":"http:\/\/www.prilovrcu.si\/de\/wp-json\/wp\/v2\/pages"}],"about":[{"href":"http:\/\/www.prilovrcu.si\/de\/wp-json\/wp\/v2\/types\/page"}],"author":[{"embeddable":true,"href":"http:\/\/www.prilovrcu.si\/de\/wp-json\/wp\/v2\/users\/1"}],"replies":[{"embeddable":true,"href":"http:\/\/www.prilovrcu.si\/de\/wp-json\/wp\/v2\/comments?post=50948"}],"version-history":[{"count":6,"href":"http:\/\/www.prilovrcu.si\/de\/wp-json\/wp\/v2\/pages\/50948\/revisions"}],"predecessor-version":[{"id":51208,"href":"http:\/\/www.prilovrcu.si\/de\/wp-json\/wp\/v2\/pages\/50948\/revisions\/51208"}],"wp:attachment":[{"href":"http:\/\/www.prilovrcu.si\/de\/wp-json\/wp\/v2\/media?parent=50948"}],"curies":[{"name":"wp","href":"https:\/\/api.w.org\/{rel}","templated":true}]}}