{"id":51664,"date":"2015-12-08T15:28:15","date_gmt":"2015-12-08T15:28:15","guid":{"rendered":"http:\/\/www.prilovrcu.si\/de\/?page_id=51664"},"modified":"2016-03-15T12:07:36","modified_gmt":"2016-03-15T12:07:36","slug":"kaeseherstellung","status":"publish","type":"page","link":"http:\/\/www.prilovrcu.si\/de\/angebote\/kaeseherstellung\/","title":{"rendered":"K\u00e4seherstellung"},"content":{"rendered":"<div      class=\"vc_row wpb_row section vc_row-fluid\" style=' padding-bottom:65px; text-align:left;'><div class=\" full_section_inner clearfix\">\n\t<div class=\"vc_col-sm-12 wpb_column vc_column_container \">\n\t\t<div class=\"wpb_wrapper\">\n\t\t\t\n\t<div class=\"wpb_text_column wpb_content_element \">\n\t\t<div class=\"wpb_wrapper\">\n\t\t\t<h2 style=\"text-align: center;\">K\u00c4SEHERSTELLUNG<\/h2>\n\n\t\t<\/div> \n\t<\/div> \n\t\t<\/div> \n\t<\/div> \n<\/div><\/div><div      class=\"vc_row wpb_row section vc_row-fluid\" style=' padding-bottom:65px; text-align:left;'><div class=\" full_section_inner clearfix\">\n\t<div class=\"vc_col-sm-2 wpb_column vc_column_container \">\n\t\t<div class=\"wpb_wrapper\">\n\t\t\t\n\t<div class=\"wpb_text_column wpb_content_element \">\n\t\t<div class=\"wpb_wrapper\">\n\t\t\t<p><\/p>\n\n\t\t<\/div> \n\t<\/div> \n\t\t<\/div> \n\t<\/div> \n\n\t<div class=\"vc_col-sm-8 wpb_column vc_column_container \">\n\t\t<div class=\"wpb_wrapper\">\n\t\t\t<div      class=\"vc_row wpb_row section vc_row-fluid\" style=' text-align:left;'><div class=\" full_section_inner clearfix\">\n\t<div class=\"vc_col-sm-6 wpb_column vc_column_container \">\n\t\t<div class=\"wpb_wrapper\">\n\t\t\t\n\t<div class=\"wpb_text_column wpb_content_element  vc_custom_1458043611292\">\n\t\t<div class=\"wpb_wrapper\">\n\t\t\t<h3 style=\"text-align: center;\"><a href=\"http:\/\/www.prilovrcu.si\/de\/angebote\/kaseherstellung\/oekologische-produkte\/\">\u00d6kologische-produkt<\/a><\/h3>\n\n\t\t<\/div> \n\t<\/div> \n\t<div class=\"wpb_single_image wpb_content_element image-hover vc_align_center\">\n\t\t<div>\n\t\t<div class=\"wpb_wrapper\">\n\t\t\t\n\t\t\t<a href=\"http:\/\/www.prilovrcu.si\/de\/angebote\/kaseherstellung\/oekologische-produkte\/\" target=\"_self\"><img loading=\"lazy\" decoding=\"async\" width=\"600\" height=\"600\" src=\"http:\/\/www.prilovrcu.si\/wp-content\/uploads\/2015\/12\/ekoloski-izdelki.jpg\" class=\" vc_box_border_grey attachment-large\" alt=\"ekolo\u0161ki izdelki\" srcset=\"http:\/\/www.prilovrcu.si\/wp-content\/uploads\/2015\/12\/ekoloski-izdelki.jpg 600w, http:\/\/www.prilovrcu.si\/wp-content\/uploads\/2015\/12\/ekoloski-izdelki-150x150.jpg 150w, http:\/\/www.prilovrcu.si\/wp-content\/uploads\/2015\/12\/ekoloski-izdelki-300x300.jpg 300w, http:\/\/www.prilovrcu.si\/wp-content\/uploads\/2015\/12\/ekoloski-izdelki-550x550.jpg 550w\" sizes=\"auto, (max-width: 600px) 100vw, 600px\" \/><\/a>\n\t\t<\/div> \n\t\t<\/div>\n\t<\/div> \n\t\t<\/div> \n\t<\/div> \n\n\t<div class=\"vc_col-sm-6 wpb_column vc_column_container \">\n\t\t<div class=\"wpb_wrapper\">\n\t\t\t\n\t<div class=\"wpb_text_column wpb_content_element  vc_custom_1458043650944\">\n\t\t<div class=\"wpb_wrapper\">\n\t\t\t<h3 style=\"text-align: center;\"><a href=\"http:\/\/www.prilovrcu.si\/de\/angebote\/kaseherstellung\/arbeit-in-der-kaeserei\/\">Arbeit-in-der-k\u00e4serei<\/a><\/h3>\n\n\t\t<\/div> \n\t<\/div> \n\t<div class=\"wpb_single_image wpb_content_element image-hover vc_align_center\">\n\t\t<div>\n\t\t<div class=\"wpb_wrapper\">\n\t\t\t\n\t\t\t<a href=\"http:\/\/www.prilovrcu.si\/de\/angebote\/kaseherstellung\/arbeit-in-der-kaeserei\/\" target=\"_self\"><img loading=\"lazy\" decoding=\"async\" width=\"600\" height=\"600\" src=\"http:\/\/www.prilovrcu.si\/wp-content\/uploads\/2015\/12\/sirarstvo.jpg\" class=\" vc_box_border_grey attachment-large\" alt=\"sirarstvo\" srcset=\"http:\/\/www.prilovrcu.si\/wp-content\/uploads\/2015\/12\/sirarstvo.jpg 600w, http:\/\/www.prilovrcu.si\/wp-content\/uploads\/2015\/12\/sirarstvo-150x150.jpg 150w, http:\/\/www.prilovrcu.si\/wp-content\/uploads\/2015\/12\/sirarstvo-300x300.jpg 300w, http:\/\/www.prilovrcu.si\/wp-content\/uploads\/2015\/12\/sirarstvo-550x550.jpg 550w\" sizes=\"auto, (max-width: 600px) 100vw, 600px\" \/><\/a>\n\t\t<\/div> \n\t\t<\/div>\n\t<\/div> \n\t\t<\/div> \n\t<\/div> \n<\/div><\/div>\n\t\t<\/div> \n\t<\/div> \n\n\t<div class=\"vc_col-sm-2 wpb_column vc_column_container \">\n\t\t<div class=\"wpb_wrapper\">\n\t\t\t\n\t<div class=\"wpb_text_column wpb_content_element \">\n\t\t<div class=\"wpb_wrapper\">\n\t\t\t<p><\/p>\n\n\t\t<\/div> \n\t<\/div> \n\t\t<\/div> \n\t<\/div> \n<\/div><\/div>\n","protected":false},"excerpt":{"rendered":"K\u00c4SEHERSTELLUNG \u00d6kologische-produkt Arbeit-in-der-k\u00e4serei","protected":false},"author":1,"featured_media":0,"parent":51134,"menu_order":0,"comment_status":"closed","ping_status":"closed","template":"","meta":{"footnotes":""},"class_list":["post-51664","page","type-page","status-publish","hentry"],"_links":{"self":[{"href":"http:\/\/www.prilovrcu.si\/de\/wp-json\/wp\/v2\/pages\/51664","targetHints":{"allow":["GET"]}}],"collection":[{"href":"http:\/\/www.prilovrcu.si\/de\/wp-json\/wp\/v2\/pages"}],"about":[{"href":"http:\/\/www.prilovrcu.si\/de\/wp-json\/wp\/v2\/types\/page"}],"author":[{"embeddable":true,"href":"http:\/\/www.prilovrcu.si\/de\/wp-json\/wp\/v2\/users\/1"}],"replies":[{"embeddable":true,"href":"http:\/\/www.prilovrcu.si\/de\/wp-json\/wp\/v2\/comments?post=51664"}],"version-history":[{"count":6,"href":"http:\/\/www.prilovrcu.si\/de\/wp-json\/wp\/v2\/pages\/51664\/revisions"}],"predecessor-version":[{"id":51891,"href":"http:\/\/www.prilovrcu.si\/de\/wp-json\/wp\/v2\/pages\/51664\/revisions\/51891"}],"up":[{"embeddable":true,"href":"http:\/\/www.prilovrcu.si\/de\/wp-json\/wp\/v2\/pages\/51134"}],"wp:attachment":[{"href":"http:\/\/www.prilovrcu.si\/de\/wp-json\/wp\/v2\/media?parent=51664"}],"curies":[{"name":"wp","href":"https:\/\/api.w.org\/{rel}","templated":true}]}}