{"id":51671,"date":"2016-01-22T19:11:15","date_gmt":"2016-01-22T19:11:15","guid":{"rendered":"http:\/\/www.prilovrcu.si\/de\/?page_id=51671"},"modified":"2016-08-04T09:58:14","modified_gmt":"2016-08-04T09:58:14","slug":"delo-v-sirarni","status":"publish","type":"page","link":"http:\/\/www.prilovrcu.si\/de\/angebote\/kaeseherstellung\/delo-v-sirarni\/","title":{"rendered":"Delo v sirarni"},"content":{"rendered":"<div      class=\"vc_row wpb_row section vc_row-fluid\" style=' padding-top:20px; padding-bottom:15px; text-align:left;'><div class=\" full_section_inner clearfix\">\n\t<div class=\"vc_col-sm-6 wpb_column vc_column_container \">\n\t\t<div class=\"wpb_wrapper\">\n\t\t\t\n\t<div class=\"wpb_text_column wpb_content_element \">\n\t\t<div class=\"wpb_wrapper\">\n\t\t\t<h3>Delo v sirarni<\/h3>\n<p>&nbsp;<\/p>\n<p>V skupni va\u0161ki sirarni \u017ee ve\u010d kot 700 let predelujemo kravje mleko v avtohtoni <a href=\"http:\/\/www.prilovrcu.si\/ponudba\/sirarstvo\/ekoloski-izdelki\/\">sir tolminc in albuminsko skuto<\/a>. V va\u0161ki sirarni sodelujemo tri ekolo\u0161ke kmetije, po na\u010delih na\u0161ih prednikov.<\/p>\n\n\t\t<\/div> \n\t<\/div> \n\t\t<\/div> \n\t<\/div> \n\n\t<div class=\"vc_col-sm-6 wpb_column vc_column_container \">\n\t\t<div class=\"wpb_wrapper\">\n\t\t\t\n\t<div class=\"wpb_text_column wpb_content_element \">\n\t\t<div class=\"wpb_wrapper\">\n\t\t\t<p><\/p>\n\n\t\t<\/div> \n\t<\/div> \n\t\t<\/div> \n\t<\/div> \n<\/div><\/div><div      class=\"vc_row wpb_row section vc_row-fluid\" style=' padding-top:20px; padding-bottom:15px; text-align:left;'><div class=\" full_section_inner clearfix\">\n\t<div class=\"vc_col-sm-6 wpb_column vc_column_container \">\n\t\t<div class=\"wpb_wrapper\">\n\t\t\t\n\t<div class=\"wpb_single_image wpb_content_element vc_align_left\">\n\t\t<div>\n\t\t<div class=\"wpb_wrapper\">\n\t\t\t\n\t\t\t<img loading=\"lazy\" decoding=\"async\" class=\" vc_box_border_grey \" src=\"http:\/\/www.prilovrcu.si\/wp-content\/uploads\/2015\/12\/01.jpg\" width=\"799\" height=\"533\" alt=\"sir tolminc\" title=\"01\" \/>\n\t\t<\/div> \n\t\t<\/div>\n\t<\/div> \n\t\t<\/div> \n\t<\/div> \n\n\t<div class=\"vc_col-sm-6 wpb_column vc_column_container \">\n\t\t<div class=\"wpb_wrapper\">\n\t\t\t\n\t<div class=\"wpb_text_column wpb_content_element  vc_custom_1453809064799\">\n\t\t<div class=\"wpb_wrapper\">\n\t\t\t<h4>Preizku\u0161anje sirnega zrna<\/h4>\n<p>Preden sir poberemo iz kotla, preizkusimo \u010de je sirno zrno dovolj suho.<\/p>\n\n\t\t<\/div> \n\t<\/div> \n\t\t<\/div> \n\t<\/div> \n<\/div><\/div><div      class=\"vc_row wpb_row section vc_row-fluid\" style=' padding-top:20px; padding-bottom:15px; text-align:left;'><div class=\" full_section_inner clearfix\">\n\t<div class=\"vc_col-sm-6 wpb_column vc_column_container \">\n\t\t<div class=\"wpb_wrapper\">\n\t\t\t\n\t<div class=\"wpb_single_image wpb_content_element vc_align_left\">\n\t\t<div>\n\t\t<div class=\"wpb_wrapper\">\n\t\t\t\n\t\t\t<img loading=\"lazy\" decoding=\"async\" class=\" vc_box_border_grey \" src=\"http:\/\/www.prilovrcu.si\/wp-content\/uploads\/2015\/12\/02.jpg\" width=\"799\" height=\"533\" alt=\"sir tolminc\" title=\"Izdelava sira\" \/>\n\t\t<\/div> \n\t\t<\/div>\n\t<\/div> \n\t\t<\/div> \n\t<\/div> \n\n\t<div class=\"vc_col-sm-6 wpb_column vc_column_container  vc_custom_1453718876419\">\n\t\t<div class=\"wpb_wrapper\">\n\t\t\t\n\t<div class=\"wpb_text_column wpb_content_element \">\n\t\t<div class=\"wpb_wrapper\">\n\t\t\t<h4>Pobiranje sira<\/h4>\n<p>S sirarskim prtom poberemo sir iz kotla.<\/p>\n\n\t\t<\/div> \n\t<\/div> \n\t\t<\/div> \n\t<\/div> \n<\/div><\/div><div      class=\"vc_row wpb_row section vc_row-fluid\" style=' padding-top:20px; padding-bottom:15px; text-align:left;'><div class=\" full_section_inner clearfix\">\n\t<div class=\"vc_col-sm-6 wpb_column vc_column_container \">\n\t\t<div class=\"wpb_wrapper\">\n\t\t\t\n\t<div class=\"wpb_single_image wpb_content_element vc_align_left\">\n\t\t<div>\n\t\t<div class=\"wpb_wrapper\">\n\t\t\t\n\t\t\t<img loading=\"lazy\" decoding=\"async\" class=\" vc_box_border_grey \" src=\"http:\/\/www.prilovrcu.si\/wp-content\/uploads\/2015\/12\/03.jpg\" width=\"799\" height=\"533\" alt=\"sir tolminc\" title=\"03\" \/>\n\t\t<\/div> \n\t\t<\/div>\n\t<\/div> \n\t\t<\/div> \n\t<\/div> \n\n\t<div class=\"vc_col-sm-6 wpb_column vc_column_container  vc_custom_1453718883541\">\n\t\t<div class=\"wpb_wrapper\">\n\t\t\t\n\t<div class=\"wpb_text_column wpb_content_element \">\n\t\t<div class=\"wpb_wrapper\">\n\t\t\t<h4>Pobiranje sira<\/h4>\n<p>Ko poberemo sir iz kotla, ga damo v modele.<\/p>\n\n\t\t<\/div> \n\t<\/div> \n\t\t<\/div> \n\t<\/div> \n<\/div><\/div><div      class=\"vc_row wpb_row section vc_row-fluid\" style=' padding-top:20px; padding-bottom:15px; text-align:left;'><div class=\" full_section_inner clearfix\">\n\t<div class=\"vc_col-sm-6 wpb_column vc_column_container \">\n\t\t<div class=\"wpb_wrapper\">\n\t\t\t\n\t<div class=\"wpb_single_image wpb_content_element vc_align_left\">\n\t\t<div>\n\t\t<div class=\"wpb_wrapper\">\n\t\t\t\n\t\t\t<img loading=\"lazy\" decoding=\"async\" class=\" vc_box_border_grey \" src=\"http:\/\/www.prilovrcu.si\/wp-content\/uploads\/2015\/12\/04.jpg\" width=\"799\" height=\"533\" alt=\"sir tolminc\" title=\"04\" \/>\n\t\t<\/div> \n\t\t<\/div>\n\t<\/div> \n\t\t<\/div> \n\t<\/div> \n\n\t<div class=\"vc_col-sm-6 wpb_column vc_column_container  vc_custom_1453718895151\">\n\t\t<div class=\"wpb_wrapper\">\n\t\t\t\n\t<div class=\"wpb_text_column wpb_content_element \">\n\t\t<div class=\"wpb_wrapper\">\n\t\t\t<h4>Stiskanje sira<\/h4>\n<p>Priprava sira na stiskanje.<\/p>\n\n\t\t<\/div> \n\t<\/div> \n\t\t<\/div> \n\t<\/div> \n<\/div><\/div><div      class=\"vc_row wpb_row section vc_row-fluid\" style=' padding-top:20px; padding-bottom:15px; text-align:left;'><div class=\" full_section_inner clearfix\">\n\t<div class=\"vc_col-sm-6 wpb_column vc_column_container \">\n\t\t<div class=\"wpb_wrapper\">\n\t\t\t\n\t<div class=\"wpb_single_image wpb_content_element vc_align_left\">\n\t\t<div>\n\t\t<div class=\"wpb_wrapper\">\n\t\t\t\n\t\t\t<img loading=\"lazy\" decoding=\"async\" class=\" vc_box_border_grey \" src=\"http:\/\/www.prilovrcu.si\/wp-content\/uploads\/2015\/12\/05.jpg\" width=\"799\" height=\"533\" alt=\"sir tolminc\" title=\"05\" \/>\n\t\t<\/div> \n\t\t<\/div>\n\t<\/div> \n\t\t<\/div> \n\t<\/div> \n\n\t<div class=\"vc_col-sm-6 wpb_column vc_column_container  vc_custom_1453718902878\">\n\t\t<div class=\"wpb_wrapper\">\n\t\t\t\n\t<div class=\"wpb_text_column wpb_content_element \">\n\t\t<div class=\"wpb_wrapper\">\n\t\t\t<h4>Stiskanje sira<\/h4>\n<p>Zlaganje sira preden ga postavimo pod pre\u0161o.<\/p>\n\n\t\t<\/div> \n\t<\/div> \n\t\t<\/div> \n\t<\/div> \n<\/div><\/div><div      class=\"vc_row wpb_row section vc_row-fluid\" style=' padding-top:20px; padding-bottom:15px; text-align:left;'><div class=\" full_section_inner clearfix\">\n\t<div class=\"vc_col-sm-6 wpb_column vc_column_container \">\n\t\t<div class=\"wpb_wrapper\">\n\t\t\t\n\t<div class=\"wpb_single_image wpb_content_element vc_align_left\">\n\t\t<div>\n\t\t<div class=\"wpb_wrapper\">\n\t\t\t\n\t\t\t<img loading=\"lazy\" decoding=\"async\" class=\" vc_box_border_grey \" src=\"http:\/\/www.prilovrcu.si\/wp-content\/uploads\/2015\/12\/06.jpg\" width=\"799\" height=\"533\" alt=\"sir tolminc\" title=\"06\" \/>\n\t\t<\/div> \n\t\t<\/div>\n\t<\/div> \n\t\t<\/div> \n\t<\/div> \n\n\t<div class=\"vc_col-sm-6 wpb_column vc_column_container  vc_custom_1453718914599\">\n\t\t<div class=\"wpb_wrapper\">\n\t\t\t\n\t<div class=\"wpb_text_column wpb_content_element \">\n\t\t<div class=\"wpb_wrapper\">\n\t\t\t<h4>Stiskanje sira<\/h4>\n<p>Kolesa sira med stiskanjem pod pre\u0161o.<\/p>\n\n\t\t<\/div> \n\t<\/div> \n\t\t<\/div> \n\t<\/div> \n<\/div><\/div><div      class=\"vc_row wpb_row section vc_row-fluid\" style=' padding-top:20px; padding-bottom:15px; text-align:left;'><div class=\" full_section_inner clearfix\">\n\t<div class=\"vc_col-sm-6 wpb_column vc_column_container \">\n\t\t<div class=\"wpb_wrapper\">\n\t\t\t\n\t<div class=\"wpb_single_image wpb_content_element vc_align_left\">\n\t\t<div>\n\t\t<div class=\"wpb_wrapper\">\n\t\t\t\n\t\t\t<img loading=\"lazy\" decoding=\"async\" class=\" vc_box_border_grey \" src=\"http:\/\/www.prilovrcu.si\/wp-content\/uploads\/2015\/12\/07.jpg\" width=\"799\" height=\"533\" alt=\"sir tolminc\" title=\"07\" \/>\n\t\t<\/div> \n\t\t<\/div>\n\t<\/div> \n\t\t<\/div> \n\t<\/div> \n\n\t<div class=\"vc_col-sm-6 wpb_column vc_column_container  vc_custom_1453718922029\">\n\t\t<div class=\"wpb_wrapper\">\n\t\t\t\n\t<div class=\"wpb_text_column wpb_content_element \">\n\t\t<div class=\"wpb_wrapper\">\n\t\t\t<h4>Obrezovanje sira<\/h4>\n<p>Najprej siru obre\u017eemo robove, nanj napi\u0161emo datum izdelave, nato pa gre v slanico.<\/p>\n\n\t\t<\/div> \n\t<\/div> \n\t\t<\/div> \n\t<\/div> \n<\/div><\/div><div      class=\"vc_row wpb_row section vc_row-fluid\" style=' padding-top:20px; padding-bottom:15px; text-align:left;'><div class=\" full_section_inner clearfix\">\n\t<div class=\"vc_col-sm-6 wpb_column vc_column_container \">\n\t\t<div class=\"wpb_wrapper\">\n\t\t\t\n\t<div class=\"wpb_single_image wpb_content_element vc_align_left\">\n\t\t<div>\n\t\t<div class=\"wpb_wrapper\">\n\t\t\t\n\t\t\t<img loading=\"lazy\" decoding=\"async\" class=\" vc_box_border_grey \" src=\"http:\/\/www.prilovrcu.si\/wp-content\/uploads\/2015\/12\/08.jpg\" width=\"799\" height=\"533\" alt=\"sir tolminc\" title=\"08\" \/>\n\t\t<\/div> \n\t\t<\/div>\n\t<\/div> \n\t\t<\/div> \n\t<\/div> \n\n\t<div class=\"vc_col-sm-6 wpb_column vc_column_container  vc_custom_1453718929139\">\n\t\t<div class=\"wpb_wrapper\">\n\t\t\t\n\t<div class=\"wpb_text_column wpb_content_element \">\n\t\t<div class=\"wpb_wrapper\">\n\t\t\t<h4>Zorenje sira<\/h4>\n<p>Sir skrbno negujemo in obra\u010damo &#8230;<\/p>\n\n\t\t<\/div> \n\t<\/div> \n\t\t<\/div> \n\t<\/div> \n<\/div><\/div><div      class=\"vc_row wpb_row section vc_row-fluid\" style=' padding-top:20px; padding-bottom:15px; text-align:left;'><div class=\" full_section_inner clearfix\">\n\t<div class=\"vc_col-sm-6 wpb_column vc_column_container \">\n\t\t<div class=\"wpb_wrapper\">\n\t\t\t\n\t<div class=\"wpb_single_image wpb_content_element vc_align_left\">\n\t\t<div>\n\t\t<div class=\"wpb_wrapper\">\n\t\t\t\n\t\t\t<img loading=\"lazy\" decoding=\"async\" class=\" vc_box_border_grey \" src=\"http:\/\/www.prilovrcu.si\/wp-content\/uploads\/2015\/12\/09.jpg\" width=\"799\" height=\"533\" alt=\"sir tolminc\" title=\"09\" \/>\n\t\t<\/div> \n\t\t<\/div>\n\t<\/div> \n\t\t<\/div> \n\t<\/div> \n\n\t<div class=\"vc_col-sm-6 wpb_column vc_column_container  vc_custom_1453718939128\">\n\t\t<div class=\"wpb_wrapper\">\n\t\t\t\n\t<div class=\"wpb_text_column wpb_content_element \">\n\t\t<div class=\"wpb_wrapper\">\n\t\t\t<h4>Zorenje sira<\/h4>\n<p>&#8230; kjer zori \u0161e najmanj dva meseca ali pa ve\u010d let.<\/p>\n\n\t\t<\/div> \n\t<\/div> \n\t\t<\/div> \n\t<\/div> \n<\/div><\/div>\n","protected":false},"excerpt":{"rendered":"Delo v sirarni &nbsp; V skupni va\u0161ki sirarni \u017ee ve\u010d kot 700 let predelujemo kravje mleko v avtohtoni sir tolminc in albuminsko skuto. V va\u0161ki sirarni sodelujemo tri ekolo\u0161ke kmetije, po na\u010delih na\u0161ih prednikov. Preizku\u0161anje sirnega zrna Preden sir poberemo iz kotla, preizkusimo \u010de je...","protected":false},"author":1,"featured_media":0,"parent":51664,"menu_order":0,"comment_status":"closed","ping_status":"closed","template":"","meta":{"footnotes":""},"class_list":["post-51671","page","type-page","status-publish","hentry"],"_links":{"self":[{"href":"http:\/\/www.prilovrcu.si\/de\/wp-json\/wp\/v2\/pages\/51671","targetHints":{"allow":["GET"]}}],"collection":[{"href":"http:\/\/www.prilovrcu.si\/de\/wp-json\/wp\/v2\/pages"}],"about":[{"href":"http:\/\/www.prilovrcu.si\/de\/wp-json\/wp\/v2\/types\/page"}],"author":[{"embeddable":true,"href":"http:\/\/www.prilovrcu.si\/de\/wp-json\/wp\/v2\/users\/1"}],"replies":[{"embeddable":true,"href":"http:\/\/www.prilovrcu.si\/de\/wp-json\/wp\/v2\/comments?post=51671"}],"version-history":[{"count":7,"href":"http:\/\/www.prilovrcu.si\/de\/wp-json\/wp\/v2\/pages\/51671\/revisions"}],"predecessor-version":[{"id":51931,"href":"http:\/\/www.prilovrcu.si\/de\/wp-json\/wp\/v2\/pages\/51671\/revisions\/51931"}],"up":[{"embeddable":true,"href":"http:\/\/www.prilovrcu.si\/de\/wp-json\/wp\/v2\/pages\/51664"}],"wp:attachment":[{"href":"http:\/\/www.prilovrcu.si\/de\/wp-json\/wp\/v2\/media?parent=51671"}],"curies":[{"name":"wp","href":"https:\/\/api.w.org\/{rel}","templated":true}]}}