{"id":51673,"date":"2016-01-22T19:11:00","date_gmt":"2016-01-22T19:11:00","guid":{"rendered":"http:\/\/www.prilovrcu.si\/de\/?page_id=51673"},"modified":"2017-03-03T14:25:01","modified_gmt":"2017-03-03T14:25:01","slug":"oekologische-produkte","status":"publish","type":"page","link":"http:\/\/www.prilovrcu.si\/de\/angebote\/kaeseherstellung\/oekologische-produkte\/","title":{"rendered":"\u00d6kologische Produkte"},"content":{"rendered":"<div      class=\"vc_row wpb_row section vc_row-fluid\" style=' padding-bottom:30px; text-align:left;'><div class=\" full_section_inner clearfix\">\n\t<div class=\"vc_col-sm-6 wpb_column vc_column_container \">\n\t\t<div class=\"wpb_wrapper\">\n\t\t\t\n\t<div class=\"wpb_text_column wpb_content_element \">\n\t\t<div class=\"wpb_wrapper\">\n\t\t\t<h3>\u00d6kologische Produkte<\/h3>\n<p>&nbsp;<\/p>\n<p>Die Hauptt\u00e4tigkeit auf unserem Bauernhof ist die Erzeugung der Milch, die dann in der Dorfk\u00e4serei in den bekannten autochthonen K\u00e4se Tolminc und den Albumin-Quark weiterverarbeitet wird. Mit der Umstellung auf \u00f6kologische Produktion haben wir im Jahr 1999 begonnen. Zwei Jahre sp\u00e4ter haben wir das Zertifikat \u00bb\u00d6ko-Bauernhof\u00ab erhalten. Alle unsere Produkte vermarkten wir unter dem Markennamen f\u00fcr \u00f6kologisch erzeugte Lebensmittel \u201cBIODAR\u201d. Neben dem K\u00e4se und Wuark bieten wir unseren G\u00e4sten auch H\u00fchnereier, Birnenschnaps, Saisongem\u00fcse und Waln\u00fcsse.<\/p>\n<p>&nbsp;<\/p>\n<h4>Der Verkauf von Bio-Produkten<\/h4>\n<ul>\n<li>Zuhause<\/li>\n<li>Bauernmarkt in Tolmin<\/li>\n<li>\u00d6ko-Markt in Ljubljana<\/li>\n<li>Bio-Markt in Nova Gorica<\/li>\n<li>Nach verschiedenen Messen<\/li>\n<\/ul>\n\n\t\t<\/div> \n\t<\/div> \n\t\t<\/div> \n\t<\/div> \n\n\t<div class=\"vc_col-sm-6 wpb_column vc_column_container \">\n\t\t<div class=\"wpb_wrapper\">\n\t\t\t\n\t<div class=\"wpb_text_column wpb_content_element \">\n\t\t<div class=\"wpb_wrapper\">\n\t\t\t<p><\/p>\n\n\t\t<\/div> \n\t<\/div> \n\t\t<\/div> \n\t<\/div> \n<\/div><\/div><div      class=\"vc_row wpb_row section vc_row-fluid\" style=' padding-bottom:15px; text-align:left;'><div class=\" full_section_inner clearfix\">\n\t<div class=\"vc_col-sm-6 wpb_column vc_column_container \">\n\t\t<div class=\"wpb_wrapper\">\n\t\t\t\n\t<div class=\"wpb_single_image wpb_content_element vc_custom_1453804592207 vc_align_center\">\n\t\t<div>\n\t\t<div class=\"wpb_wrapper\">\n\t\t\t\n\t\t\t<img loading=\"lazy\" decoding=\"async\" width=\"556\" height=\"778\" src=\"http:\/\/www.prilovrcu.si\/wp-content\/uploads\/2015\/10\/prodaja-sira.jpg\" class=\" vc_box_border_grey attachment-full\" alt=\"sir tolminc\" srcset=\"http:\/\/www.prilovrcu.si\/wp-content\/uploads\/2015\/10\/prodaja-sira.jpg 556w, http:\/\/www.prilovrcu.si\/wp-content\/uploads\/2015\/10\/prodaja-sira-214x300.jpg 214w\" sizes=\"auto, (max-width: 556px) 100vw, 556px\" \/>\n\t\t<\/div> \n\t\t<\/div>\n\t<\/div> \n\t\t<\/div> \n\t<\/div> \n\n\t<div class=\"vc_col-sm-6 wpb_column vc_column_container \">\n\t\t<div class=\"wpb_wrapper\">\n\t\t\t\n\t<div class=\"wpb_single_image wpb_content_element vc_custom_1453804585524 vc_align_center\">\n\t\t<div>\n\t\t<div class=\"wpb_wrapper\">\n\t\t\t\n\t\t\t<img loading=\"lazy\" decoding=\"async\" width=\"531\" height=\"800\" src=\"http:\/\/www.prilovrcu.si\/wp-content\/uploads\/2015\/10\/DSCN0947.jpg\" class=\" vc_box_border_grey attachment-full\" alt=\"prodaja ekolo\u0161kih izdelkov\" srcset=\"http:\/\/www.prilovrcu.si\/wp-content\/uploads\/2015\/10\/DSCN0947.jpg 531w, http:\/\/www.prilovrcu.si\/wp-content\/uploads\/2015\/10\/DSCN0947-199x300.jpg 199w\" sizes=\"auto, (max-width: 531px) 100vw, 531px\" \/>\n\t\t<\/div> \n\t\t<\/div>\n\t<\/div> \n\t\t<\/div> \n\t<\/div> \n<\/div><\/div><div      class=\"vc_row wpb_row section vc_row-fluid\" style=' padding-bottom:15px; text-align:left;'><div class=\" full_section_inner clearfix\">\n\t<div class=\"vc_col-sm-6 wpb_column vc_column_container \">\n\t\t<div class=\"wpb_wrapper\">\n\t\t\t\n\t<div class=\"wpb_single_image wpb_content_element vc_custom_1453804576379 vc_align_center\">\n\t\t<div>\n\t\t<div class=\"wpb_wrapper\">\n\t\t\t\n\t\t\t<img loading=\"lazy\" decoding=\"async\" width=\"799\" height=\"533\" src=\"http:\/\/www.prilovrcu.si\/wp-content\/uploads\/2015\/10\/sir-prikazna1.jpg\" class=\" vc_box_border_grey attachment-full\" alt=\"sir tolminc\" srcset=\"http:\/\/www.prilovrcu.si\/wp-content\/uploads\/2015\/10\/sir-prikazna1.jpg 799w, http:\/\/www.prilovrcu.si\/wp-content\/uploads\/2015\/10\/sir-prikazna1-300x200.jpg 300w, http:\/\/www.prilovrcu.si\/wp-content\/uploads\/2015\/10\/sir-prikazna1-700x467.jpg 700w\" sizes=\"auto, (max-width: 799px) 100vw, 799px\" \/>\n\t\t<\/div> \n\t\t<\/div>\n\t<\/div> \n\t\t<\/div> \n\t<\/div> \n\n\t<div class=\"vc_col-sm-6 wpb_column vc_column_container \">\n\t\t<div class=\"wpb_wrapper\">\n\t\t\t\n\t<div class=\"wpb_single_image wpb_content_element vc_custom_1453804569670 vc_align_center\">\n\t\t<div>\n\t\t<div class=\"wpb_wrapper\">\n\t\t\t\n\t\t\t<img loading=\"lazy\" decoding=\"async\" width=\"799\" height=\"533\" src=\"http:\/\/www.prilovrcu.si\/wp-content\/uploads\/2015\/10\/sir2.jpg\" class=\" vc_box_border_grey attachment-full\" alt=\"sir tolminc\" srcset=\"http:\/\/www.prilovrcu.si\/wp-content\/uploads\/2015\/10\/sir2.jpg 799w, http:\/\/www.prilovrcu.si\/wp-content\/uploads\/2015\/10\/sir2-300x200.jpg 300w, http:\/\/www.prilovrcu.si\/wp-content\/uploads\/2015\/10\/sir2-700x467.jpg 700w\" sizes=\"auto, (max-width: 799px) 100vw, 799px\" \/>\n\t\t<\/div> \n\t\t<\/div>\n\t<\/div> \n\t\t<\/div> \n\t<\/div> \n<\/div><\/div><div      class=\"vc_row wpb_row section vc_row-fluid\" style=' padding-bottom:50px; text-align:left;'><div class=\" full_section_inner clearfix\">\n\t<div class=\"vc_col-sm-6 wpb_column vc_column_container \">\n\t\t<div class=\"wpb_wrapper\">\n\t\t\t\n\t<div class=\"wpb_single_image wpb_content_element vc_custom_1453804563005 vc_align_center\">\n\t\t<div>\n\t\t<div class=\"wpb_wrapper\">\n\t\t\t\n\t\t\t<img loading=\"lazy\" decoding=\"async\" width=\"531\" height=\"800\" src=\"http:\/\/www.prilovrcu.si\/wp-content\/uploads\/2015\/10\/sir4.jpg\" class=\" vc_box_border_grey attachment-full\" alt=\"avtohtoni sir tolminc\" srcset=\"http:\/\/www.prilovrcu.si\/wp-content\/uploads\/2015\/10\/sir4.jpg 531w, http:\/\/www.prilovrcu.si\/wp-content\/uploads\/2015\/10\/sir4-199x300.jpg 199w\" sizes=\"auto, (max-width: 531px) 100vw, 531px\" \/>\n\t\t<\/div> \n\t\t<\/div>\n\t<\/div> \n\t\t<\/div> \n\t<\/div> \n\n\t<div class=\"vc_col-sm-6 wpb_column vc_column_container \">\n\t\t<div class=\"wpb_wrapper\">\n\t\t\t\n\t<div class=\"wpb_single_image wpb_content_element vc_custom_1453804554632 vc_align_center\">\n\t\t<div>\n\t\t<div class=\"wpb_wrapper\">\n\t\t\t\n\t\t\t<img loading=\"lazy\" decoding=\"async\" width=\"799\" height=\"533\" src=\"http:\/\/www.prilovrcu.si\/wp-content\/uploads\/2015\/10\/sir3.jpg\" class=\" vc_box_border_grey attachment-full\" alt=\"albuminska skuta in sir tolminc\" srcset=\"http:\/\/www.prilovrcu.si\/wp-content\/uploads\/2015\/10\/sir3.jpg 799w, http:\/\/www.prilovrcu.si\/wp-content\/uploads\/2015\/10\/sir3-300x200.jpg 300w, http:\/\/www.prilovrcu.si\/wp-content\/uploads\/2015\/10\/sir3-700x467.jpg 700w\" sizes=\"auto, (max-width: 799px) 100vw, 799px\" \/>\n\t\t<\/div> \n\t\t<\/div>\n\t<\/div> \n\t\t<\/div> \n\t<\/div> \n<\/div><\/div>\n","protected":false},"excerpt":{"rendered":"\u00d6kologische Produkte &nbsp; Die Hauptt\u00e4tigkeit auf unserem Bauernhof ist die Erzeugung der Milch, die dann in der Dorfk\u00e4serei in den bekannten autochthonen K\u00e4se Tolminc und den Albumin-Quark weiterverarbeitet wird. Mit der Umstellung auf \u00f6kologische Produktion haben wir im Jahr 1999 begonnen. Zwei Jahre sp\u00e4ter haben...","protected":false},"author":1,"featured_media":0,"parent":51664,"menu_order":0,"comment_status":"closed","ping_status":"closed","template":"","meta":{"footnotes":""},"class_list":["post-51673","page","type-page","status-publish","hentry"],"_links":{"self":[{"href":"http:\/\/www.prilovrcu.si\/de\/wp-json\/wp\/v2\/pages\/51673","targetHints":{"allow":["GET"]}}],"collection":[{"href":"http:\/\/www.prilovrcu.si\/de\/wp-json\/wp\/v2\/pages"}],"about":[{"href":"http:\/\/www.prilovrcu.si\/de\/wp-json\/wp\/v2\/types\/page"}],"author":[{"embeddable":true,"href":"http:\/\/www.prilovrcu.si\/de\/wp-json\/wp\/v2\/users\/1"}],"replies":[{"embeddable":true,"href":"http:\/\/www.prilovrcu.si\/de\/wp-json\/wp\/v2\/comments?post=51673"}],"version-history":[{"count":7,"href":"http:\/\/www.prilovrcu.si\/de\/wp-json\/wp\/v2\/pages\/51673\/revisions"}],"predecessor-version":[{"id":51957,"href":"http:\/\/www.prilovrcu.si\/de\/wp-json\/wp\/v2\/pages\/51673\/revisions\/51957"}],"up":[{"embeddable":true,"href":"http:\/\/www.prilovrcu.si\/de\/wp-json\/wp\/v2\/pages\/51664"}],"wp:attachment":[{"href":"http:\/\/www.prilovrcu.si\/de\/wp-json\/wp\/v2\/media?parent=51673"}],"curies":[{"name":"wp","href":"https:\/\/api.w.org\/{rel}","templated":true}]}}