{"id":51681,"date":"2015-12-08T15:32:22","date_gmt":"2015-12-08T15:32:22","guid":{"rendered":"http:\/\/www.prilovrcu.si\/de\/?page_id=51681"},"modified":"2016-03-15T11:39:43","modified_gmt":"2016-03-15T11:39:43","slug":"appartements","status":"publish","type":"page","link":"http:\/\/www.prilovrcu.si\/de\/angebote\/tourismus\/appartements\/","title":{"rendered":"Appartements"},"content":{"rendered":"<div      class=\"vc_row wpb_row section vc_row-fluid\" style=' padding-bottom:50px; text-align:left;'><div class=\" full_section_inner clearfix\">\n\t<div class=\"vc_col-sm-6 wpb_column vc_column_container \">\n\t\t<div class=\"wpb_wrapper\">\n\t\t\t\n\t<div class=\"wpb_text_column wpb_content_element \">\n\t\t<div class=\"wpb_wrapper\">\n\t\t\t<h3>Appartements<\/h3>\n<p>Bei uns kann man angenehme Ferien oder ein entspannendes Ende einer besonders anstrengenden Woche verbringen. Auf dem Bauernhof wurden n\u00e4mlich zwei Appartements errichtet, die \u00bbMama Tina\u00ab und \u00bbPapa Stanko\u00ab benannt wurden. Die Appartements k\u00f6nnen Sie sich durch Klick auf das Bild unten ansehen. Auf unserem Ausflugsbauernhof k\u00f6nnen wir Sie nach vorheriger Vereinbarung mit einem f\u00fcr die Berge von Tolmin \u00fcblichen Mittagessen begr\u00fc\u00dfen. Im Sommer k\u00f6nnen auf dem Bauernhof 60, im Winter aber 25 G\u00e4ste bewirtet werden.<\/p>\n\n\t\t<\/div> \n\t<\/div> <div      class=\"vc_row wpb_row section vc_row-fluid\" style=' padding-top:40px; text-align:left;'><div class=\" full_section_inner clearfix\">\n\t<div class=\"vc_col-sm-6 wpb_column vc_column_container \">\n\t\t<div class=\"wpb_wrapper\">\n\t\t\t\n\t<div class=\"wpb_text_column wpb_content_element  vc_custom_1458041947711\">\n\t\t<div class=\"wpb_wrapper\">\n\t\t\t<h4 style=\"text-align: center;\"><a href=\"http:\/\/www.prilovrcu.si\/de\/angebote\/tourismus\/appartements\/appartement-mama-tina\/\">Appartement &#8220;Mama Tina&#8221;<\/a><\/h4>\n\n\t\t<\/div> \n\t<\/div> \n\t<div class=\"wpb_single_image wpb_content_element image-hover vc_align_center\">\n\t\t<div>\n\t\t<div class=\"wpb_wrapper\">\n\t\t\t\n\t\t\t<a href=\"http:\/\/www.prilovrcu.si\/de\/angebote\/tourismus\/appartements\/appartement-mama-tina\/\" target=\"_self\"><img loading=\"lazy\" decoding=\"async\" width=\"300\" height=\"225\" src=\"http:\/\/www.prilovrcu.si\/wp-content\/uploads\/2015\/12\/mama-tina_01-300x225.jpg\" class=\" vc_box_border_grey attachment-medium\" alt=\"\" srcset=\"http:\/\/www.prilovrcu.si\/wp-content\/uploads\/2015\/12\/mama-tina_01-300x225.jpg 300w, http:\/\/www.prilovrcu.si\/wp-content\/uploads\/2015\/12\/mama-tina_01-768x576.jpg 768w, http:\/\/www.prilovrcu.si\/wp-content\/uploads\/2015\/12\/mama-tina_01-700x525.jpg 700w, http:\/\/www.prilovrcu.si\/wp-content\/uploads\/2015\/12\/mama-tina_01.jpg 800w\" sizes=\"auto, (max-width: 300px) 100vw, 300px\" \/><\/a>\n\t\t<\/div> \n\t\t<\/div>\n\t<\/div> \n\t\t<\/div> \n\t<\/div> \n\n\t<div class=\"vc_col-sm-6 wpb_column vc_column_container \">\n\t\t<div class=\"wpb_wrapper\">\n\t\t\t\n\t<div class=\"wpb_text_column wpb_content_element  vc_custom_1458041971040\">\n\t\t<div class=\"wpb_wrapper\">\n\t\t\t<h4 style=\"text-align: center;\"><a href=\"http:\/\/www.prilovrcu.si\/de\/angebote\/tourismus\/appartements\/appartement-tata-stanko\/\">Appartement &#8220;Tata Stanko&#8221;<\/a><\/h4>\n\n\t\t<\/div> \n\t<\/div> \n\t<div class=\"wpb_single_image wpb_content_element image-hover vc_align_center\">\n\t\t<div>\n\t\t<div class=\"wpb_wrapper\">\n\t\t\t\n\t\t\t<a href=\"http:\/\/www.prilovrcu.si\/de\/angebote\/tourismus\/appartements\/appartement-tata-stanko\/\" target=\"_self\"><img loading=\"lazy\" decoding=\"async\" width=\"300\" height=\"225\" src=\"http:\/\/www.prilovrcu.si\/wp-content\/uploads\/2015\/12\/tata-stanko_01-300x225.jpg\" class=\" vc_box_border_grey attachment-medium\" alt=\"\" srcset=\"http:\/\/www.prilovrcu.si\/wp-content\/uploads\/2015\/12\/tata-stanko_01-300x225.jpg 300w, http:\/\/www.prilovrcu.si\/wp-content\/uploads\/2015\/12\/tata-stanko_01-768x576.jpg 768w, http:\/\/www.prilovrcu.si\/wp-content\/uploads\/2015\/12\/tata-stanko_01-700x525.jpg 700w, http:\/\/www.prilovrcu.si\/wp-content\/uploads\/2015\/12\/tata-stanko_01.jpg 800w\" sizes=\"auto, (max-width: 300px) 100vw, 300px\" \/><\/a>\n\t\t<\/div> \n\t\t<\/div>\n\t<\/div> \n\t\t<\/div> \n\t<\/div> \n<\/div><\/div>\n\t\t<\/div> \n\t<\/div> \n\n\t<div class=\"vc_col-sm-6 wpb_column vc_column_container \">\n\t\t<div class=\"wpb_wrapper\">\n\t\t\t\n\t<div class=\"wpb_single_image wpb_content_element vc_align_center\">\n\t\t<div>\n\t\t<div class=\"wpb_wrapper\">\n\t\t\t\n\t\t\t<img loading=\"lazy\" decoding=\"async\" width=\"533\" height=\"799\" src=\"http:\/\/www.prilovrcu.si\/wp-content\/uploads\/2014\/12\/02.jpg\" class=\" vc_box_border_grey attachment-large\" alt=\"\" srcset=\"http:\/\/www.prilovrcu.si\/wp-content\/uploads\/2014\/12\/02.jpg 533w, http:\/\/www.prilovrcu.si\/wp-content\/uploads\/2014\/12\/02-200x300.jpg 200w\" sizes=\"auto, (max-width: 533px) 100vw, 533px\" \/>\n\t\t<\/div> \n\t\t<\/div>\n\t<\/div> \n\t\t<\/div> \n\t<\/div> \n<\/div><\/div>\n","protected":false},"excerpt":{"rendered":"Appartements Bei uns kann man angenehme Ferien oder ein entspannendes Ende einer besonders anstrengenden Woche verbringen. Auf dem Bauernhof wurden n\u00e4mlich zwei Appartements errichtet, die \u00bbMama Tina\u00ab und \u00bbPapa Stanko\u00ab benannt wurden. Die Appartements k\u00f6nnen Sie sich durch Klick auf das Bild unten ansehen. Auf...","protected":false},"author":1,"featured_media":0,"parent":51677,"menu_order":0,"comment_status":"closed","ping_status":"closed","template":"","meta":{"footnotes":""},"class_list":["post-51681","page","type-page","status-publish","hentry"],"_links":{"self":[{"href":"http:\/\/www.prilovrcu.si\/de\/wp-json\/wp\/v2\/pages\/51681","targetHints":{"allow":["GET"]}}],"collection":[{"href":"http:\/\/www.prilovrcu.si\/de\/wp-json\/wp\/v2\/pages"}],"about":[{"href":"http:\/\/www.prilovrcu.si\/de\/wp-json\/wp\/v2\/types\/page"}],"author":[{"embeddable":true,"href":"http:\/\/www.prilovrcu.si\/de\/wp-json\/wp\/v2\/users\/1"}],"replies":[{"embeddable":true,"href":"http:\/\/www.prilovrcu.si\/de\/wp-json\/wp\/v2\/comments?post=51681"}],"version-history":[{"count":6,"href":"http:\/\/www.prilovrcu.si\/de\/wp-json\/wp\/v2\/pages\/51681\/revisions"}],"predecessor-version":[{"id":51874,"href":"http:\/\/www.prilovrcu.si\/de\/wp-json\/wp\/v2\/pages\/51681\/revisions\/51874"}],"up":[{"embeddable":true,"href":"http:\/\/www.prilovrcu.si\/de\/wp-json\/wp\/v2\/pages\/51677"}],"wp:attachment":[{"href":"http:\/\/www.prilovrcu.si\/de\/wp-json\/wp\/v2\/media?parent=51681"}],"curies":[{"name":"wp","href":"https:\/\/api.w.org\/{rel}","templated":true}]}}