{"id":51691,"date":"2015-12-09T14:29:53","date_gmt":"2015-12-09T14:29:53","guid":{"rendered":"http:\/\/www.prilovrcu.si\/de\/?page_id=51691"},"modified":"2016-03-15T11:45:58","modified_gmt":"2016-03-15T11:45:58","slug":"kochen","status":"publish","type":"page","link":"http:\/\/www.prilovrcu.si\/de\/angebote\/tourismus\/kochen\/","title":{"rendered":"Kochen"},"content":{"rendered":"<div      class=\"vc_row wpb_row section vc_row-fluid\" style=' text-align:left;'><div class=\" full_section_inner clearfix\">\n\t<div class=\"vc_col-sm-6 wpb_column vc_column_container  vc_custom_1453492290855\">\n\t\t<div class=\"wpb_wrapper\">\n\t\t\t\n\t<div class=\"wpb_text_column wpb_content_element \">\n\t\t<div class=\"wpb_wrapper\">\n\t\t\t<h3 style=\"text-align: left;\">Kochen<\/h3>\n<p>&nbsp;<\/p>\n<p style=\"text-align: left;\">Auf unserem Bauernhof werden die traditionellen Gerichte angeboten, die f\u00fcr die Berge von Tolmin charakteristisch sind. Zu diesen geh\u00f6ren Eintopfgerichte, nat\u00fcrlich d\u00fcrfen aber auch Frika (Kartoffel-K\u00e4se-Omelett) und \u0160truklji (gekochter gef\u00fcllter Strudelteig) nicht fehlen. Wenn Sie keine Zeit zum Mittagessen haben, k\u00f6nnen wir Ihnen unsere Trockenfleischerzeugnissen, Albumin-Quark und K\u00e4se Tolminc anbieten. Alle Produkte werden \u00f6kologisch erzeugt.<\/p>\n\n\t\t<\/div> \n\t<\/div> \n\t\t<\/div> \n\t<\/div> \n\n\t<div class=\"vc_col-sm-6 wpb_column vc_column_container \">\n\t\t<div class=\"wpb_wrapper\">\n\t\t\t\n\t<div class=\"wpb_text_column wpb_content_element \">\n\t\t<div class=\"wpb_wrapper\">\n\t\t\t<p><\/p>\n\n\t\t<\/div> \n\t<\/div> \n\t\t<\/div> \n\t<\/div> \n<\/div><\/div><div      class=\"vc_row wpb_row section vc_row-fluid\" style=' padding-top:20px; padding-bottom:15px; text-align:left;'><div class=\" full_section_inner clearfix\">\n\t<div class=\"vc_col-sm-6 wpb_column vc_column_container \">\n\t\t<div class=\"wpb_wrapper\">\n\t\t\t\n\t<div class=\"wpb_single_image wpb_content_element vc_align_left\">\n\t\t<div>\n\t\t<div class=\"wpb_wrapper\">\n\t\t\t\n\t\t\t<img loading=\"lazy\" decoding=\"async\" class=\" vc_box_border_grey \" src=\"http:\/\/www.prilovrcu.si\/wp-content\/uploads\/2015\/12\/071.jpg\" width=\"800\" height=\"534\" alt=\"frika\" title=\"071\" \/>\n\t\t<\/div> \n\t\t<\/div>\n\t<\/div> \n\t\t<\/div> \n\t<\/div> \n\n\t<div class=\"vc_col-sm-6 wpb_column vc_column_container  vc_custom_1453491896407\">\n\t\t<div class=\"wpb_wrapper\">\n\t\t\t\n\t<div class=\"wpb_text_column wpb_content_element \">\n\t\t<div class=\"wpb_wrapper\">\n\t\t\t<h4>\u00bbFrika\u00ab aus Tolmin<\/h4>\n<p>Das ist ein traditionelles Hirtengericht aus Kartoffeln und K\u00e4se, dazu wird noch Polenta serviert.<\/p>\n\n\t\t<\/div> \n\t<\/div> \n\t\t<\/div> \n\t<\/div> \n<\/div><\/div><div      class=\"vc_row wpb_row section vc_row-fluid\" style=' padding-top:20px; padding-bottom:15px; text-align:left;'><div class=\" full_section_inner clearfix\">\n\t<div class=\"vc_col-sm-6 wpb_column vc_column_container \">\n\t\t<div class=\"wpb_wrapper\">\n\t\t\t\n\t<div class=\"wpb_single_image wpb_content_element vc_align_left\">\n\t\t<div>\n\t\t<div class=\"wpb_wrapper\">\n\t\t\t\n\t\t\t<img loading=\"lazy\" decoding=\"async\" class=\" vc_box_border_grey \" src=\"http:\/\/www.prilovrcu.si\/wp-content\/uploads\/2015\/12\/069.jpg\" width=\"800\" height=\"534\" alt=\"069\" title=\"069\" \/>\n\t\t<\/div> \n\t\t<\/div>\n\t<\/div> \n\t\t<\/div> \n\t<\/div> \n\n\t<div class=\"vc_col-sm-6 wpb_column vc_column_container  vc_custom_1453492386605\">\n\t\t<div class=\"wpb_wrapper\">\n\t\t\t\n\t<div class=\"wpb_text_column wpb_content_element \">\n\t\t<div class=\"wpb_wrapper\">\n\t\t\t<h4>Aufschnitt<\/h4>\n<p>Unsere Trockenfleischerzeugnissen mit dem K\u00e4se Tolminc und den Aufstrichen aus salzigem Albumin-Quark<\/p>\n\n\t\t<\/div> \n\t<\/div> \n\t\t<\/div> \n\t<\/div> \n<\/div><\/div><div      class=\"vc_row wpb_row section vc_row-fluid\" style=' padding-top:20px; padding-bottom:15px; text-align:left;'><div class=\" full_section_inner clearfix\">\n\t<div class=\"vc_col-sm-6 wpb_column vc_column_container \">\n\t\t<div class=\"wpb_wrapper\">\n\t\t\t\n\t<div class=\"wpb_single_image wpb_content_element vc_align_left\">\n\t\t<div>\n\t\t<div class=\"wpb_wrapper\">\n\t\t\t\n\t\t\t<img loading=\"lazy\" decoding=\"async\" class=\" vc_box_border_grey \" src=\"http:\/\/www.prilovrcu.si\/wp-content\/uploads\/2015\/12\/060.jpg\" width=\"800\" height=\"534\" alt=\"060\" title=\"060\" \/>\n\t\t<\/div> \n\t\t<\/div>\n\t<\/div> \n\t\t<\/div> \n\t<\/div> \n\n\t<div class=\"vc_col-sm-6 wpb_column vc_column_container \">\n\t\t<div class=\"wpb_wrapper\">\n\t\t\t\n\t<div class=\"wpb_text_column wpb_content_element  vc_custom_1458042287923\">\n\t\t<div class=\"wpb_wrapper\">\n\t\t\t<h4>Eintopgerichte<\/h4>\n<p>Wir vorbereiten verschiedene Arten von Eintopgerichten, wie zum Beispiel Minestra, Jota (ein Gericht aus Sauerkraut, Bohnen, Kartoffeln und ger\u00e4uchertem Fleisch) und Brei, dazu wird noch frisches selbstgemachtes Brot serviert.<\/p>\n\n\t\t<\/div> \n\t<\/div> \n\t\t<\/div> \n\t<\/div> \n<\/div><\/div><div      class=\"vc_row wpb_row section vc_row-fluid\" style=' padding-top:20px; padding-bottom:15px; text-align:left;'><div class=\" full_section_inner clearfix\">\n\t<div class=\"vc_col-sm-6 wpb_column vc_column_container \">\n\t\t<div class=\"wpb_wrapper\">\n\t\t\t\n\t<div class=\"wpb_single_image wpb_content_element vc_align_left\">\n\t\t<div>\n\t\t<div class=\"wpb_wrapper\">\n\t\t\t\n\t\t\t<img loading=\"lazy\" decoding=\"async\" class=\" vc_box_border_grey \" src=\"http:\/\/www.prilovrcu.si\/wp-content\/uploads\/2015\/12\/056.jpg\" width=\"800\" height=\"534\" alt=\"056\" title=\"056\" \/>\n\t\t<\/div> \n\t\t<\/div>\n\t<\/div> \n\t\t<\/div> \n\t<\/div> \n\n\t<div class=\"vc_col-sm-6 wpb_column vc_column_container \">\n\t\t<div class=\"wpb_wrapper\">\n\t\t\t\n\t<div class=\"wpb_text_column wpb_content_element  vc_custom_1458042306464\">\n\t\t<div class=\"wpb_wrapper\">\n\t\t\t<h4>\u0160truklji<\/h4>\n<p>Unsere \u0160truklji sind gemacht aus Hefeteig, gef\u00fcllt mit Waln\u00fcssen und abgeschmalzt mit Grieben oder Butter. Auf diese sind wir besonders stolz, weil sie nach dem Rezept unserer Gro\u00dfmutter zubereitet werden.<\/p>\n\n\t\t<\/div> \n\t<\/div> \n\t\t<\/div> \n\t<\/div> \n<\/div><\/div><div      class=\"vc_row wpb_row section vc_row-fluid\" style=' padding-top:20px; padding-bottom:15px; text-align:left;'><div class=\" full_section_inner clearfix\">\n\t<div class=\"vc_col-sm-6 wpb_column vc_column_container \">\n\t\t<div class=\"wpb_wrapper\">\n\t\t\t\n\t<div class=\"wpb_single_image wpb_content_element vc_align_left\">\n\t\t<div>\n\t\t<div class=\"wpb_wrapper\">\n\t\t\t\n\t\t\t<img loading=\"lazy\" decoding=\"async\" class=\" vc_box_border_grey \" src=\"http:\/\/www.prilovrcu.si\/wp-content\/uploads\/2015\/12\/054.jpg\" width=\"799\" height=\"603\" alt=\"054\" title=\"054\" \/>\n\t\t<\/div> \n\t\t<\/div>\n\t<\/div> \n\t\t<\/div> \n\t<\/div> \n\n\t<div class=\"vc_col-sm-6 wpb_column vc_column_container \">\n\t\t<div class=\"wpb_wrapper\">\n\t\t\t\n\t<div class=\"wpb_text_column wpb_content_element  vc_custom_1458042330059\">\n\t\t<div class=\"wpb_wrapper\">\n\t\t\t<h4>Wettbewerb f\u00fcr Hausfrauen von den touristischen Bauernh\u00f6fen 2010<\/h4>\n<p>Unsere Mutter hat auf dem Wettbewerb in der Zubereitung der \u0160truklji im Jahr 2010 teilgenommen, wo sie den 2. Platz gewonnen hat.<\/p>\n\n\t\t<\/div> \n\t<\/div> \n\t\t<\/div> \n\t<\/div> \n<\/div><\/div><div      class=\"vc_row wpb_row section vc_row-fluid\" style=' padding-top:20px; padding-bottom:15px; text-align:left;'><div class=\" full_section_inner clearfix\">\n\t<div class=\"vc_col-sm-6 wpb_column vc_column_container \">\n\t\t<div class=\"wpb_wrapper\">\n\t\t\t\n\t<div class=\"wpb_single_image wpb_content_element vc_align_left\">\n\t\t<div>\n\t\t<div class=\"wpb_wrapper\">\n\t\t\t\n\t\t\t<img loading=\"lazy\" decoding=\"async\" class=\" vc_box_border_grey \" src=\"http:\/\/www.prilovrcu.si\/wp-content\/uploads\/2015\/12\/055.jpg\" width=\"799\" height=\"615\" alt=\"055\" title=\"055\" \/>\n\t\t<\/div> \n\t\t<\/div>\n\t<\/div> \n\t\t<\/div> \n\t<\/div> \n\n\t<div class=\"vc_col-sm-6 wpb_column vc_column_container \">\n\t\t<div class=\"wpb_wrapper\">\n\t\t\t\n\t<div class=\"wpb_text_column wpb_content_element  vc_custom_1458042345546\">\n\t\t<div class=\"wpb_wrapper\">\n\t\t\t<h4>Wettbewerb f\u00fcr Hausfrauen von den touristischen Bauernh\u00f6fen 2011<\/h4>\n<p>Unsere Mutter hat auf dem Wettbewerb in der Zubereitung der \u0160truklji im Jahr 2011 teilgenommen, wo sie den 2. Platz gewonnen hat.<\/p>\n\n\t\t<\/div> \n\t<\/div> \n\t\t<\/div> \n\t<\/div> \n<\/div><\/div>\n","protected":false},"excerpt":{"rendered":"Kochen &nbsp; Auf unserem Bauernhof werden die traditionellen Gerichte angeboten, die f\u00fcr die Berge von Tolmin charakteristisch sind. Zu diesen geh\u00f6ren Eintopfgerichte, nat\u00fcrlich d\u00fcrfen aber auch Frika (Kartoffel-K\u00e4se-Omelett) und \u0160truklji (gekochter gef\u00fcllter Strudelteig) nicht fehlen. Wenn Sie keine Zeit zum Mittagessen haben, k\u00f6nnen wir Ihnen...","protected":false},"author":1,"featured_media":0,"parent":51677,"menu_order":0,"comment_status":"closed","ping_status":"closed","template":"","meta":{"footnotes":""},"class_list":["post-51691","page","type-page","status-publish","hentry"],"_links":{"self":[{"href":"http:\/\/www.prilovrcu.si\/de\/wp-json\/wp\/v2\/pages\/51691","targetHints":{"allow":["GET"]}}],"collection":[{"href":"http:\/\/www.prilovrcu.si\/de\/wp-json\/wp\/v2\/pages"}],"about":[{"href":"http:\/\/www.prilovrcu.si\/de\/wp-json\/wp\/v2\/types\/page"}],"author":[{"embeddable":true,"href":"http:\/\/www.prilovrcu.si\/de\/wp-json\/wp\/v2\/users\/1"}],"replies":[{"embeddable":true,"href":"http:\/\/www.prilovrcu.si\/de\/wp-json\/wp\/v2\/comments?post=51691"}],"version-history":[{"count":4,"href":"http:\/\/www.prilovrcu.si\/de\/wp-json\/wp\/v2\/pages\/51691\/revisions"}],"predecessor-version":[{"id":51877,"href":"http:\/\/www.prilovrcu.si\/de\/wp-json\/wp\/v2\/pages\/51691\/revisions\/51877"}],"up":[{"embeddable":true,"href":"http:\/\/www.prilovrcu.si\/de\/wp-json\/wp\/v2\/pages\/51677"}],"wp:attachment":[{"href":"http:\/\/www.prilovrcu.si\/de\/wp-json\/wp\/v2\/media?parent=51691"}],"curies":[{"name":"wp","href":"https:\/\/api.w.org\/{rel}","templated":true}]}}